{"id":4423,"date":"2020-04-02T18:05:37","date_gmt":"2020-04-02T16:05:37","guid":{"rendered":"https:\/\/www.propack.fr\/privacy-policy\/"},"modified":"2023-02-14T09:57:48","modified_gmt":"2023-02-14T08:57:48","slug":"privacy-policy","status":"publish","type":"page","link":"https:\/\/www.propack.fr\/en\/privacy-policy\/","title":{"rendered":"Privacy Policy"},"content":{"rendered":"<p>[et_pb_section fb_built=&#8221;1&#8243; _builder_version=&#8221;3.22&#8243;][et_pb_row _builder_version=&#8221;3.25&#8243; background_size=&#8221;initial&#8221; background_position=&#8221;top_left&#8221; background_repeat=&#8221;repeat&#8221;][et_pb_column type=&#8221;4_4&#8243; _builder_version=&#8221;3.25&#8243; custom_padding=&#8221;|||&#8221; custom_padding__hover=&#8221;|||&#8221;][et_pb_text _builder_version=&#8221;4.4.2&#8243; background_size=&#8221;initial&#8221; background_position=&#8221;top_left&#8221; background_repeat=&#8221;repeat&#8221; hover_enabled=&#8221;0&#8243;]<\/p>\n<p><!-- divi:heading --><\/p>\n<div class=\"entry-header\" style=\"box-sizing: border-box; position: relative; margin-bottom: 30px; color: #333333; font-family: 'PT Sans', sans-serif; font-size: 17px; font-style: normal; font-variant-ligatures: normal; font-variant-caps: normal; font-weight: 400; letter-spacing: normal; orphans: 2; text-align: start; text-indent: 0px; text-transform: none; white-space: normal; widows: 2; word-spacing: 0px; -webkit-text-stroke-width: 0px; background-color: #ffffff; text-decoration-style: initial; text-decoration-color: initial;\">\n<h2 style=\"box-sizing: border-box; font-family: 'PT Sans', sans-serif; font-weight: normal; line-height: 1; color: inherit; margin: 8px 0px 0px; font-size: 24px; text-transform: uppercase;\"><span style=\"box-sizing: border-box;\">PERSONAL-DATA-PROTECTION-POLICY<\/span><\/h2>\n<\/div>\n<div style=\"box-sizing: border-box; color: #333333; font-family: 'PT Sans', sans-serif; font-size: 17px; font-style: normal; font-variant-ligatures: normal; font-variant-caps: normal; font-weight: 400; letter-spacing: normal; orphans: 2; text-align: start; text-indent: 0px; text-transform: none; white-space: normal; widows: 2; word-spacing: 0px; -webkit-text-stroke-width: 0px; background-color: #ffffff; text-decoration-style: initial; text-decoration-color: initial;\">\n<h1 style=\"box-sizing: border-box; margin: 5px 0px; font-size: 40px; font-family: 'PT Sans', sans-serif; font-weight: normal; line-height: 1.1; color: inherit;\"><span style=\"box-sizing: border-box;\">PERSONAL DATA PROTECTION POLICY<\/span><\/h1>\n<p style=\"box-sizing: border-box; margin: 0px 0px 10px;\">\n<h2 style=\"box-sizing: border-box; font-family: 'PT Sans', sans-serif; font-weight: normal; line-height: 1.1; color: inherit; margin-top: 5px; margin-bottom: 5px; font-size: 24px;\"><span style=\"box-sizing: border-box;\">1- Who is PROPACK?<\/span><\/h2>\n<p style=\"box-sizing: border-box; margin: 0px 0px 10px;\">Trade name: PROPACK SAS<br style=\"box-sizing: border-box;\">Adresse si\u00e8ge social: 1 Place d\u2019Uranie, 94340 Joinville<br style=\"box-sizing: border-box;\">L\u2019adresse de notre site Web est : <a style=\"box-sizing: border-box; background: 0px 0px; color: #428bca; text-decoration: none; transition: color 400ms ease 0s, background-color 400ms ease 0s;\" href=\"http:\/\/propack.fr\/\">https:\/\/propack.fr<\/a><\/p>\n<p style=\"box-sizing: border-box; margin: 0px 0px 10px;\">\n<h2 style=\"box-sizing: border-box; font-family: 'PT Sans', sans-serif; font-weight: normal; line-height: 1.1; color: inherit; margin-top: 5px; margin-bottom: 5px; font-size: 24px;\"><span style=\"box-sizing: border-box;\">2- Utilisation des donn\u00e9es personnelles collect\u00e9es<\/span><\/h2>\n<p style=\"box-sizing: border-box; margin: 0px 0px 10px;\">\n<h3 style=\"box-sizing: border-box; font-family: 'PT Sans', sans-serif; font-weight: normal; line-height: 1.1; color: inherit; margin-top: 5px; margin-bottom: 5px; font-size: 20px;\"><span style=\"box-sizing: border-box;\">2.1- Formulaire de contact<\/span><\/h3>\n<p style=\"box-sizing: border-box; margin: 0px 0px 10px;\">Les donn\u00e9es fournies dans le formulaire de contact sont uniquement \u00e0 destination de PROPACK afin de traiter la r\u00e9ponse \u00e0 votre question.<\/p>\n<p style=\"box-sizing: border-box; margin: 0px 0px 10px;\">\n<h3 style=\"box-sizing: border-box; font-family: 'PT Sans', sans-serif; font-weight: normal; line-height: 1.1; color: inherit; margin-top: 5px; margin-bottom: 5px; font-size: 20px;\"><span style=\"box-sizing: border-box;\">2.2- Cookies<\/span><\/h3>\n<p style=\"box-sizing: border-box; margin: 0px 0px 10px;\">Le site vitrine n&#8217;enregistre pas de cookie.<\/p>\n<p style=\"box-sizing: border-box; margin: 0px 0px 10px;\">\n<h3 style=\"box-sizing: border-box; font-family: 'PT Sans', sans-serif; font-weight: normal; line-height: 1.1; color: inherit; margin-top: 5px; margin-bottom: 5px; font-size: 20px;\"><span style=\"box-sizing: border-box;\">2.3- Contenu embarqu\u00e9 depuis d\u2019autres sites<\/span><\/h3>\n<p style=\"box-sizing: border-box; margin: 0px 0px 10px;\">Les pages de ce site peuvent inclure des contenus int\u00e9gr\u00e9s (par exemple des vid\u00e9os, images, articles\u2026). Le contenu int\u00e9gr\u00e9 depuis d\u2019autres sites se comporte de la m\u00eame mani\u00e8re que si le visiteur se rendait sur cet autre site. <br style=\"box-sizing: border-box;\">Ces sites web pourraient collecter des donn\u00e9es sur vous, utiliser des cookies, embarquer des outils de suivis tiers, suivre vos interactions avec ces contenus embarqu\u00e9s si vous disposez d\u2019un compte connect\u00e9 sur leur site web.<\/p>\n<p style=\"box-sizing: border-box; margin: 0px 0px 10px;\">\n<h2 style=\"box-sizing: border-box; font-family: 'PT Sans', sans-serif; font-weight: normal; line-height: 1.1; color: inherit; margin-top: 5px; margin-bottom: 5px; font-size: 24px;\"><span style=\"box-sizing: border-box;\">3- Utilisation et transmission de vos donn\u00e9es personnelles<\/span><\/h2>\n<p style=\"box-sizing: border-box; margin: 0px 0px 10px;\">Vos donn\u00e9es personnelles ne sont en aucun cas transmis \u00e0 un tiers et sont uniquement utilis\u00e9es par PROPACK. <br style=\"box-sizing: border-box;\">Vos donn\u00e9es personnelles ne sont pas transmises en dehors de l&#8217;Espace Economique Europ\u00e9en.<\/p>\n<p style=\"box-sizing: border-box; margin: 0px 0px 10px;\">\n<h2 style=\"box-sizing: border-box; font-family: 'PT Sans', sans-serif; font-weight: normal; line-height: 1.1; color: inherit; margin-top: 5px; margin-bottom: 5px; font-size: 24px;\"><span style=\"box-sizing: border-box;\">4- Dur\u00e9es de stockage de vos donn\u00e9es<\/span><\/h2>\n<p style=\"box-sizing: border-box; margin: 0px 0px 10px;\">Les donn\u00e9es ne sont pas stock\u00e9es dans le site Internet mais envoy\u00e9es par email \u00e0 nos services. <br style=\"box-sizing: border-box;\">Ces donn\u00e9es sont conserv\u00e9es le temps de r\u00e9pondre \u00e0 votre demande.<\/p>\n<p style=\"box-sizing: border-box; margin: 0px 0px 10px;\">\n<h2 style=\"box-sizing: border-box; font-family: 'PT Sans', sans-serif; font-weight: normal; line-height: 1.1; color: inherit; margin-top: 5px; margin-bottom: 5px; font-size: 24px;\"><span style=\"box-sizing: border-box;\">5- Exercice de vos droits<\/span><\/h2>\n<p style=\"box-sizing: border-box; margin: 0px 0px 10px;\">Sous r\u00e9serve des conditions pr\u00e9vues par la r\u00e9glementation pour l\u2019exercice de ces droits, vous b\u00e9n\u00e9ficiez :<\/p>\n<ul style=\"box-sizing: border-box; margin-top: 0px; margin-bottom: 10px;\">\n<li style=\"box-sizing: border-box;\">D\u2019un droit \u00e0 l\u2019effacement de vos Donn\u00e9es ;<\/li>\n<li style=\"box-sizing: border-box;\">D\u2019un droit \u00e0 la limitation du traitement de vos Donn\u00e9es ;<\/li>\n<li style=\"box-sizing: border-box;\">D\u2019un droit d\u2019opposition au traitement de vos Donn\u00e9es pour des motifs l\u00e9gitimes, conform\u00e9ment \u00e0 l\u2019article 21 du RGPD ;<\/li>\n<li style=\"box-sizing: border-box;\">D\u2019un droit \u00e0 la portabilit\u00e9 sur les Donn\u00e9es que vous avez fournies pour les traitements automatis\u00e9s fond\u00e9s sur le consentement ou l\u2019ex\u00e9cution d\u2019un contrat ;<\/li>\n<li style=\"box-sizing: border-box;\">Du droit au retrait du consentement, lorsque celui-ci vous avez \u00e9t\u00e9 demand\u00e9.<\/li>\n<\/ul>\n<p style=\"box-sizing: border-box; margin: 0px 0px 10px;\">Lorsque le traitement de vos Donn\u00e9es est effectu\u00e9 sur la base de votre consentement, vous pouvez retirer celui-ci \u00e0 tout moment. Vous reconnaissez toutefois que les traitements effectu\u00e9s avant la r\u00e9vocation de votre consentement demeurent parfaitement valables. <br style=\"box-sizing: border-box;\">Vous disposez \u00e9galement d\u2019un droit d\u2019opposition sans motif \u00e0 ce que PROPACK proc\u00e8de \u00e0 un profilage sur la base de vos Donn\u00e9es dans le cadre de l\u2019envoi de contenus ou de communications \u00e0 des fins de prospection commerciale.<br style=\"box-sizing: border-box;\">Toutefois, conform\u00e9ment \u00e0 l\u2019article 12.6 du RGPD, pour l\u2019exercice de ces droits, PROPACK, en tant que responsable de traitement, se r\u00e9serve le droit de vous demander de justifier votre identit\u00e9. Nous vous informons que les donn\u00e9es permettant de justifier votre identit\u00e9 seront supprim\u00e9es une fois que nous aurons r\u00e9pondu \u00e0 votre requ\u00eate. <br style=\"box-sizing: border-box;\"> <br style=\"box-sizing: border-box;\">Vous pouvez exercer vos droits en \u00e9crivant uniquement en langue fran\u00e7aise \u00e0 PROPACK SAS, Service de Gestion des donn\u00e9es personnelles, 1 Place d\u2019Uranie, 94340 Joinville<\/p>\n<p style=\"box-sizing: border-box; margin: 0px 0px 10px;\">\n<\/div>\n<p>&nbsp;<\/p>\n<p><!-- \/divi:heading --><\/p>\n<p>[\/et_pb_text][\/et_pb_column][\/et_pb_row][\/et_pb_section]<\/p>\n","protected":false},"excerpt":{"rendered":"<p>PERSONAL-DATA-PROTECTION-POLICY PERSONAL DATA PROTECTION POLICY 1- Who is PROPACK? Trade name: PROPACK SASAdresse si\u00e8ge social: 1 Place d\u2019Uranie, 94340 JoinvilleL\u2019adresse de notre site Web est : https:\/\/propack.fr 2- Utilisation des donn\u00e9es personnelles collect\u00e9es 2.1- Formulaire de contact Les donn\u00e9es fournies dans le formulaire de contact sont uniquement \u00e0 destination de PROPACK afin de traiter la [&hellip;]<\/p>\n","protected":false},"author":1,"featured_media":0,"parent":0,"menu_order":0,"comment_status":"closed","ping_status":"closed","template":"","meta":{"_et_pb_use_builder":"on","_et_pb_old_content":"","_et_gb_content_width":"","footnotes":""},"class_list":["post-4423","page","type-page","status-publish","hentry"],"yoast_head":"<!-- This site is optimized with the Yoast SEO plugin v26.4 - https:\/\/yoast.com\/wordpress\/plugins\/seo\/ -->\n<title>\u00e9tuyeuse, ensacheuse, fardeleuse, encaisseuse | Vente &amp; location | PROPACK<\/title>\n<meta name=\"robots\" content=\"index, follow, max-snippet:-1, max-image-preview:large, max-video-preview:-1\" \/>\n<link rel=\"canonical\" href=\"https:\/\/www.propack.fr\/en\/privacy-policy\/\" \/>\n<meta property=\"og:locale\" content=\"en_US\" \/>\n<meta property=\"og:type\" content=\"article\" \/>\n<meta property=\"og:title\" content=\"\u00e9tuyeuse, ensacheuse, fardeleuse, encaisseuse | Vente &amp; location | PROPACK\" \/>\n<meta property=\"og:description\" content=\"PERSONAL-DATA-PROTECTION-POLICY PERSONAL DATA PROTECTION POLICY 1- Who is PROPACK? Trade name: PROPACK SASAdresse si\u00e8ge social: 1 Place d\u2019Uranie, 94340 JoinvilleL\u2019adresse de notre site Web est : https:\/\/propack.fr 2- Utilisation des donn\u00e9es personnelles collect\u00e9es 2.1- Formulaire de contact Les donn\u00e9es fournies dans le formulaire de contact sont uniquement \u00e0 destination de PROPACK afin de traiter la [&hellip;]\" \/>\n<meta property=\"og:url\" content=\"https:\/\/www.propack.fr\/en\/privacy-policy\/\" \/>\n<meta property=\"og:site_name\" content=\"\u00e9tuyeuse, ensacheuse, fardeleuse, encaisseuse | Vente &amp; location | PROPACK\" \/>\n<meta property=\"article:modified_time\" content=\"2023-02-14T08:57:48+00:00\" \/>\n<meta name=\"twitter:card\" content=\"summary_large_image\" \/>\n<meta name=\"twitter:label1\" content=\"Est. reading time\" \/>\n\t<meta name=\"twitter:data1\" content=\"3 minutes\" \/>\n<script type=\"application\/ld+json\" class=\"yoast-schema-graph\">{\"@context\":\"https:\/\/schema.org\",\"@graph\":[{\"@type\":\"WebPage\",\"@id\":\"https:\/\/www.propack.fr\/en\/privacy-policy\/\",\"url\":\"https:\/\/www.propack.fr\/en\/privacy-policy\/\",\"name\":\"\u00e9tuyeuse, ensacheuse, fardeleuse, encaisseuse | Vente &amp; location | PROPACK\",\"isPartOf\":{\"@id\":\"https:\/\/www.propack.fr\/en\/#website\"},\"datePublished\":\"2020-04-02T16:05:37+00:00\",\"dateModified\":\"2023-02-14T08:57:48+00:00\",\"breadcrumb\":{\"@id\":\"https:\/\/www.propack.fr\/en\/privacy-policy\/#breadcrumb\"},\"inLanguage\":\"en-US\",\"potentialAction\":[{\"@type\":\"ReadAction\",\"target\":[\"https:\/\/www.propack.fr\/en\/privacy-policy\/\"]}]},{\"@type\":\"BreadcrumbList\",\"@id\":\"https:\/\/www.propack.fr\/en\/privacy-policy\/#breadcrumb\",\"itemListElement\":[{\"@type\":\"ListItem\",\"position\":1,\"name\":\"Accueil\",\"item\":\"https:\/\/www.propack.fr\/en\/\"},{\"@type\":\"ListItem\",\"position\":2,\"name\":\"Privacy Policy\"}]},{\"@type\":\"WebSite\",\"@id\":\"https:\/\/www.propack.fr\/en\/#website\",\"url\":\"https:\/\/www.propack.fr\/en\/\",\"name\":\"\u00e9tuyeuse, ensacheuse, fardeleuse, encaisseuse | Vente &amp; location | PROPACK\",\"description\":\"PROPACK\",\"publisher\":{\"@id\":\"https:\/\/www.propack.fr\/en\/#organization\"},\"potentialAction\":[{\"@type\":\"SearchAction\",\"target\":{\"@type\":\"EntryPoint\",\"urlTemplate\":\"https:\/\/www.propack.fr\/en\/?s={search_term_string}\"},\"query-input\":{\"@type\":\"PropertyValueSpecification\",\"valueRequired\":true,\"valueName\":\"search_term_string\"}}],\"inLanguage\":\"en-US\"},{\"@type\":\"Organization\",\"@id\":\"https:\/\/www.propack.fr\/en\/#organization\",\"name\":\"PROPACK\",\"url\":\"https:\/\/www.propack.fr\/en\/\",\"logo\":{\"@type\":\"ImageObject\",\"inLanguage\":\"en-US\",\"@id\":\"https:\/\/www.propack.fr\/en\/#\/schema\/logo\/image\/\",\"url\":\"https:\/\/www.propack.fr\/wp-content\/uploads\/2020\/04\/propack-fonce.png\",\"contentUrl\":\"https:\/\/www.propack.fr\/wp-content\/uploads\/2020\/04\/propack-fonce.png\",\"width\":444,\"height\":125,\"caption\":\"PROPACK\"},\"image\":{\"@id\":\"https:\/\/www.propack.fr\/en\/#\/schema\/logo\/image\/\"}}]}<\/script>\n<!-- \/ Yoast SEO plugin. -->","yoast_head_json":{"title":"\u00e9tuyeuse, ensacheuse, fardeleuse, encaisseuse | Vente &amp; location | PROPACK","robots":{"index":"index","follow":"follow","max-snippet":"max-snippet:-1","max-image-preview":"max-image-preview:large","max-video-preview":"max-video-preview:-1"},"canonical":"https:\/\/www.propack.fr\/en\/privacy-policy\/","og_locale":"en_US","og_type":"article","og_title":"\u00e9tuyeuse, ensacheuse, fardeleuse, encaisseuse | Vente &amp; location | PROPACK","og_description":"PERSONAL-DATA-PROTECTION-POLICY PERSONAL DATA PROTECTION POLICY 1- Who is PROPACK? Trade name: PROPACK SASAdresse si\u00e8ge social: 1 Place d\u2019Uranie, 94340 JoinvilleL\u2019adresse de notre site Web est : https:\/\/propack.fr 2- Utilisation des donn\u00e9es personnelles collect\u00e9es 2.1- Formulaire de contact Les donn\u00e9es fournies dans le formulaire de contact sont uniquement \u00e0 destination de PROPACK afin de traiter la [&hellip;]","og_url":"https:\/\/www.propack.fr\/en\/privacy-policy\/","og_site_name":"\u00e9tuyeuse, ensacheuse, fardeleuse, encaisseuse | Vente &amp; location | PROPACK","article_modified_time":"2023-02-14T08:57:48+00:00","twitter_card":"summary_large_image","twitter_misc":{"Est. reading time":"3 minutes"},"schema":{"@context":"https:\/\/schema.org","@graph":[{"@type":"WebPage","@id":"https:\/\/www.propack.fr\/en\/privacy-policy\/","url":"https:\/\/www.propack.fr\/en\/privacy-policy\/","name":"\u00e9tuyeuse, ensacheuse, fardeleuse, encaisseuse | Vente &amp; location | PROPACK","isPartOf":{"@id":"https:\/\/www.propack.fr\/en\/#website"},"datePublished":"2020-04-02T16:05:37+00:00","dateModified":"2023-02-14T08:57:48+00:00","breadcrumb":{"@id":"https:\/\/www.propack.fr\/en\/privacy-policy\/#breadcrumb"},"inLanguage":"en-US","potentialAction":[{"@type":"ReadAction","target":["https:\/\/www.propack.fr\/en\/privacy-policy\/"]}]},{"@type":"BreadcrumbList","@id":"https:\/\/www.propack.fr\/en\/privacy-policy\/#breadcrumb","itemListElement":[{"@type":"ListItem","position":1,"name":"Accueil","item":"https:\/\/www.propack.fr\/en\/"},{"@type":"ListItem","position":2,"name":"Privacy Policy"}]},{"@type":"WebSite","@id":"https:\/\/www.propack.fr\/en\/#website","url":"https:\/\/www.propack.fr\/en\/","name":"\u00e9tuyeuse, ensacheuse, fardeleuse, encaisseuse | Vente &amp; location | PROPACK","description":"PROPACK","publisher":{"@id":"https:\/\/www.propack.fr\/en\/#organization"},"potentialAction":[{"@type":"SearchAction","target":{"@type":"EntryPoint","urlTemplate":"https:\/\/www.propack.fr\/en\/?s={search_term_string}"},"query-input":{"@type":"PropertyValueSpecification","valueRequired":true,"valueName":"search_term_string"}}],"inLanguage":"en-US"},{"@type":"Organization","@id":"https:\/\/www.propack.fr\/en\/#organization","name":"PROPACK","url":"https:\/\/www.propack.fr\/en\/","logo":{"@type":"ImageObject","inLanguage":"en-US","@id":"https:\/\/www.propack.fr\/en\/#\/schema\/logo\/image\/","url":"https:\/\/www.propack.fr\/wp-content\/uploads\/2020\/04\/propack-fonce.png","contentUrl":"https:\/\/www.propack.fr\/wp-content\/uploads\/2020\/04\/propack-fonce.png","width":444,"height":125,"caption":"PROPACK"},"image":{"@id":"https:\/\/www.propack.fr\/en\/#\/schema\/logo\/image\/"}}]}},"_links":{"self":[{"href":"https:\/\/www.propack.fr\/en\/wp-json\/wp\/v2\/pages\/4423","targetHints":{"allow":["GET"]}}],"collection":[{"href":"https:\/\/www.propack.fr\/en\/wp-json\/wp\/v2\/pages"}],"about":[{"href":"https:\/\/www.propack.fr\/en\/wp-json\/wp\/v2\/types\/page"}],"author":[{"embeddable":true,"href":"https:\/\/www.propack.fr\/en\/wp-json\/wp\/v2\/users\/1"}],"replies":[{"embeddable":true,"href":"https:\/\/www.propack.fr\/en\/wp-json\/wp\/v2\/comments?post=4423"}],"version-history":[{"count":1,"href":"https:\/\/www.propack.fr\/en\/wp-json\/wp\/v2\/pages\/4423\/revisions"}],"predecessor-version":[{"id":4424,"href":"https:\/\/www.propack.fr\/en\/wp-json\/wp\/v2\/pages\/4423\/revisions\/4424"}],"wp:attachment":[{"href":"https:\/\/www.propack.fr\/en\/wp-json\/wp\/v2\/media?parent=4423"}],"curies":[{"name":"wp","href":"https:\/\/api.w.org\/{rel}","templated":true}]}}